{"id":198,"date":"2017-03-20T12:40:44","date_gmt":"2017-03-20T11:40:44","guid":{"rendered":"http:\/\/roskildestigeholdere.dk\/?page_id=198"},"modified":"2017-04-23T14:36:46","modified_gmt":"2017-04-23T12:36:46","slug":"land-rover","status":"publish","type":"page","link":"http:\/\/roskildestigeholdere.dk\/?page_id=198","title":{"rendered":"Data Land Rover"},"content":{"rendered":"<h2 style=\"text-align: center;\" align=\"center\"><span style=\"color: #ffff00;\">LAND ROVER serie 3<\/span><\/h2>\n<h3 style=\"text-align: center;\" align=\"center\"><span style=\"color: #ffff00;\"><strong>\u00e5rgang 1979 med\u00a0\u00e5ben lad<\/strong><\/span><\/h3>\n<h3 style=\"text-align: center;\" align=\"center\"><span style=\"color: #ffff00;\"><strong>egenv\u00e6gt 2025 kg<\/strong><\/span><\/h3>\n<h3 style=\"text-align: center;\" align=\"center\"><span style=\"color: #ffff00;\"><strong>max hastighed\u00a0110 km<\/strong><\/span><\/h3>\n<h3 style=\"text-align: center;\" align=\"center\"><span style=\"color: #ffff00;\"><strong>k\u00f8rt ca 10.000 km<\/strong><\/span><\/h3>\n<h3 style=\"text-align: center;\" align=\"center\"><strong><span style=\"color: #ffff00;\">tidligere ejerforhold<\/span> <\/strong><\/h3>\n<h3 style=\"text-align: center;\" align=\"center\"><span style=\"color: #ffff00;\"><strong>Cp Kelco. Lille Skensved og<\/strong><\/span><\/h3>\n<h3 style=\"text-align: center;\" align=\"center\"><span style=\"color: #ffff00;\"><strong>S\u00f8ller\u00f8d Brandv\u00e6sen<\/strong><\/span><\/h3>\n<h3 style=\"text-align: center;\" align=\"center\"><span style=\"color: #ffff00;\"><strong>k\u00f8bt\u00a0den 15\/5 2007 <\/strong><\/span><\/h3>\n<h3 style=\"text-align: center;\" align=\"center\"><span style=\"color: #ffff00;\"><strong>Roskilde Stigeholdere<\/strong><\/span><\/h3>\n","protected":false},"excerpt":{"rendered":"<p>LAND ROVER serie 3 \u00e5rgang 1979 med\u00a0\u00e5ben lad egenv\u00e6gt 2025 kg max hastighed\u00a0110 km k\u00f8rt ca 10.000 km tidligere ejerforhold Cp Kelco. Lille Skensved og S\u00f8ller\u00f8d Brandv\u00e6sen k\u00f8bt\u00a0den 15\/5 2007 Roskilde Stigeholdere<\/p>\n","protected":false},"author":3,"featured_media":0,"parent":0,"menu_order":0,"comment_status":"closed","ping_status":"closed","template":"","meta":[],"_links":{"self":[{"href":"http:\/\/roskildestigeholdere.dk\/index.php?rest_route=\/wp\/v2\/pages\/198"}],"collection":[{"href":"http:\/\/roskildestigeholdere.dk\/index.php?rest_route=\/wp\/v2\/pages"}],"about":[{"href":"http:\/\/roskildestigeholdere.dk\/index.php?rest_route=\/wp\/v2\/types\/page"}],"author":[{"embeddable":true,"href":"http:\/\/roskildestigeholdere.dk\/index.php?rest_route=\/wp\/v2\/users\/3"}],"replies":[{"embeddable":true,"href":"http:\/\/roskildestigeholdere.dk\/index.php?rest_route=%2Fwp%2Fv2%2Fcomments&post=198"}],"version-history":[{"count":7,"href":"http:\/\/roskildestigeholdere.dk\/index.php?rest_route=\/wp\/v2\/pages\/198\/revisions"}],"predecessor-version":[{"id":225,"href":"http:\/\/roskildestigeholdere.dk\/index.php?rest_route=\/wp\/v2\/pages\/198\/revisions\/225"}],"wp:attachment":[{"href":"http:\/\/roskildestigeholdere.dk\/index.php?rest_route=%2Fwp%2Fv2%2Fmedia&parent=198"}],"curies":[{"name":"wp","href":"https:\/\/api.w.org\/{rel}","templated":true}]}}