{"id":17,"date":"2017-02-02T14:23:07","date_gmt":"2017-02-02T13:23:07","guid":{"rendered":"http:\/\/roskildestigeholdere.dk.w1.ito-hosting.com\/?page_id=17"},"modified":"2025-06-07T19:49:43","modified_gmt":"2025-06-07T17:49:43","slug":"historie","status":"publish","type":"page","link":"http:\/\/roskildestigeholdere.dk\/?page_id=17","title":{"rendered":"Historie"},"content":{"rendered":"\n\n\t<b><a href=\"http:\/\/www.roskildestigeholdere.dk\/historie.htm\">Historie<\/a><\/b>\nHer er historien om den gl. stige S.1\nI 1930 \u00f8nskede byens brandinspekt\u00f8r at anskaffe en automobildrejestige, fordi byen havde nogle h\u00f8je beboelsesejendomme, men den dav\u00e6rende brandkommission ville ikke bevilge de forn\u00f8dne penge.\nDengang eksisterede der en refusionsordning mellem forsikringsselskaberne og landets brandv\u00e6sner. N\u00e5r et brandv\u00e6sen havde pr\u00e6steret en god indsats, og derigennem reddet betydelige v\u00e6rdier, modtog v\u00e6snet refusion fra det ber\u00f8rte forsikringsselskab. De penge som p\u00e5 denne m\u00e5de tilfaldt Roskilde Brandv\u00e6sen, kom ikke i kommunekassen, de blev af brandinspekt\u00f8ren indsat p\u00e5 en konto i Roskilde Sparekassen. Op igennem 30&#8217;erne blev det til et st\u00f8rre bel\u00f8b, m\u00e5lt efter datidens m\u00e5lestok.\nI 1937 blev sagen om anskaffelse af en drejestige, atter rejst i brandkommissionen, men ogs\u00e5 denne gang med negativt resultat.\nBrandinspekt\u00f8ren gav ikke s\u00e5 let op, han forespurgte om tilladelse til, selv at anskaffe drejestigen, hvilket brandkommissionen selvf\u00f8lgelig ikke havde noget imod.\nBrandinspekt\u00f8ren h\u00e6vede det opsparede bel\u00f8b i Sparekassen, og indk\u00f8bte S.1 hos Firmaet Meisner-Jensen i K\u00f8benhavn. Var dette sket i dag, havde byen ikke haft en ny drejestige, men en ny brandinspekt\u00f8r!\nChassiet er fra 1937, truck model, med en V8 motor p\u00e5 85 HK. (Fik ny motor p\u00e5 100 HK. og en st\u00f8re kobling i \u00e5r 1952) Vognen vejer ca. 5.500 kg., og kunne pr\u00e6stere en topfart p\u00e5 ca. 90 km\/t. Stigen som er p\u00e5 22 meter, blev indk\u00f8bt i Tyskland hos Firmaet Magirus. Den samlet pris i 1938 var ca. 28-29.000 kr.\nDen 15. januar 1987 var S.1 p\u00e5 sin sidste udrykning, som gik til en tagbrand p\u00e5 slagteriskolen i Roskilde.\nS.1 er en af Danmarks \u00e6ldste bevarede drejestiger, og i Aarhus var da ogs\u00e5 yderst interesserede i at modtage dette klenodie. Men for at kunne beholde stigen i Roskilde, blev foreningen Roskilde Stigeholdere stiftet den 12. november 1987, med det form\u00e5l at holde S.1 k\u00f8reklar og pr\u00e6sentabel.\nS.1 blev i 1994-1995 gennemrenoveret og heloplakeret, og fremst\u00e5r i dag n\u00e6sten som et nyt k\u00f8ret\u00f8j.\nS.1 kan derfor lejes til mange aktiviteter, f.eks. som bryllupskaret, ved s\u00f8lvbryllup, jubil\u00e6um, runde f\u00f8dselsdage, polter abend, blikfang ved udstillinger, ved forretninger og meget andet. Aftale om brug af S.1 kan ske ved henvendelse formand Michael Pedersen tlf 53 64 22 48\n\n","protected":false},"excerpt":{"rendered":"<p>Historie Her er historien om den gl. stige S.1 I 1930 \u00f8nskede byens brandinspekt\u00f8r at anskaffe en automobildrejestige, fordi byen havde nogle h\u00f8je beboelsesejendomme, men den dav\u00e6rende brandkommission ville ikke bevilge de forn\u00f8dne penge. Dengang eksisterede der en refusionsordning mellem forsikringsselskaberne og landets brandv\u00e6sner. N\u00e5r et brandv\u00e6sen havde pr\u00e6steret en god indsats, og derigennem reddet&hellip;<\/p>\n","protected":false},"author":1,"featured_media":0,"parent":0,"menu_order":0,"comment_status":"closed","ping_status":"closed","template":"","meta":[],"_links":{"self":[{"href":"http:\/\/roskildestigeholdere.dk\/index.php?rest_route=\/wp\/v2\/pages\/17"}],"collection":[{"href":"http:\/\/roskildestigeholdere.dk\/index.php?rest_route=\/wp\/v2\/pages"}],"about":[{"href":"http:\/\/roskildestigeholdere.dk\/index.php?rest_route=\/wp\/v2\/types\/page"}],"author":[{"embeddable":true,"href":"http:\/\/roskildestigeholdere.dk\/index.php?rest_route=\/wp\/v2\/users\/1"}],"replies":[{"embeddable":true,"href":"http:\/\/roskildestigeholdere.dk\/index.php?rest_route=%2Fwp%2Fv2%2Fcomments&post=17"}],"version-history":[{"count":8,"href":"http:\/\/roskildestigeholdere.dk\/index.php?rest_route=\/wp\/v2\/pages\/17\/revisions"}],"predecessor-version":[{"id":456,"href":"http:\/\/roskildestigeholdere.dk\/index.php?rest_route=\/wp\/v2\/pages\/17\/revisions\/456"}],"wp:attachment":[{"href":"http:\/\/roskildestigeholdere.dk\/index.php?rest_route=%2Fwp%2Fv2%2Fmedia&parent=17"}],"curies":[{"name":"wp","href":"https:\/\/api.w.org\/{rel}","templated":true}]}}