{"id":149,"date":"2017-02-02T14:42:07","date_gmt":"2017-02-02T13:42:07","guid":{"rendered":"http:\/\/roskildestigeholdere.dk.w1.ito-hosting.com\/?page_id=149"},"modified":"2025-06-07T19:50:06","modified_gmt":"2025-06-07T17:50:06","slug":"post-149","status":"publish","type":"page","link":"http:\/\/roskildestigeholdere.dk\/?page_id=149","title":{"rendered":"Sponsorer"},"content":{"rendered":"\n<b>Sponsorer<\/b>\n<b>Roskilde Brandv\u00e6sen <\/b>\n<b>Ib Bruun og co.<\/b>\n<b>Roskilde Handel Allehelgensgade 3<\/b>\n<b>\u00d8nsker du ogs\u00e5 at st\u00f8tte foreningen med et bidrag, er dette meget velkomment.<br>\n<\/b>\n<b>Vores bank konto nr. er <\/b>\n<b>0683-0002300346.<\/b>\n<b>\u00d8nsker du er blive medlem, koster et personligt medlemskab \u00e5rligt 150 kr.&nbsp; <\/b>\n<b>Er du interesseret i dette kontakt da venligst formand Michael Pedersen tlf. <\/b><strong>53 64 22 48<\/strong>\n","protected":false},"excerpt":{"rendered":"<p>Sponsorer Roskilde Brandv\u00e6sen Ib Bruun og co. Roskilde Handel Allehelgensgade 3 \u00d8nsker du ogs\u00e5 at st\u00f8tte foreningen med et bidrag, er dette meget velkomment. Vores bank konto nr. er 0683-0002300346. \u00d8nsker du er blive medlem, koster et personligt medlemskab \u00e5rligt 150 kr.&nbsp; Er du interesseret i dette kontakt da venligst formand Michael Pedersen tlf. 53&hellip;<\/p>\n","protected":false},"author":1,"featured_media":0,"parent":0,"menu_order":0,"comment_status":"closed","ping_status":"closed","template":"","meta":[],"_links":{"self":[{"href":"http:\/\/roskildestigeholdere.dk\/index.php?rest_route=\/wp\/v2\/pages\/149"}],"collection":[{"href":"http:\/\/roskildestigeholdere.dk\/index.php?rest_route=\/wp\/v2\/pages"}],"about":[{"href":"http:\/\/roskildestigeholdere.dk\/index.php?rest_route=\/wp\/v2\/types\/page"}],"author":[{"embeddable":true,"href":"http:\/\/roskildestigeholdere.dk\/index.php?rest_route=\/wp\/v2\/users\/1"}],"replies":[{"embeddable":true,"href":"http:\/\/roskildestigeholdere.dk\/index.php?rest_route=%2Fwp%2Fv2%2Fcomments&post=149"}],"version-history":[{"count":11,"href":"http:\/\/roskildestigeholdere.dk\/index.php?rest_route=\/wp\/v2\/pages\/149\/revisions"}],"predecessor-version":[{"id":457,"href":"http:\/\/roskildestigeholdere.dk\/index.php?rest_route=\/wp\/v2\/pages\/149\/revisions\/457"}],"wp:attachment":[{"href":"http:\/\/roskildestigeholdere.dk\/index.php?rest_route=%2Fwp%2Fv2%2Fmedia&parent=149"}],"curies":[{"name":"wp","href":"https:\/\/api.w.org\/{rel}","templated":true}]}}