{"id":145,"date":"2017-02-02T14:41:04","date_gmt":"2017-02-02T13:41:04","guid":{"rendered":"http:\/\/roskildestigeholdere.dk.w1.ito-hosting.com\/?page_id=145"},"modified":"2017-03-21T19:17:08","modified_gmt":"2017-03-21T18:17:08","slug":"data","status":"publish","type":"page","link":"http:\/\/roskildestigeholdere.dk\/?page_id=145","title":{"rendered":"Data S1"},"content":{"rendered":"<p>&nbsp;<\/p>\n<p align=\"center\">Data<b>\u00a0S.1<\/b><\/p>\n<p align=\"center\"><b>Truck model 1937<\/b><b> motor V8<\/b><\/p>\n<p align=\"center\"><b>Motorens boring er 3,1875&#8243;<\/b><\/p>\n<p align=\"center\"><b>Slagl\u00e6ngden er 3,75&#8243;<\/b><\/p>\n<p align=\"center\"><b>Hestekr\u00e6fter 85 HK ved 3.600 omdrejninger<\/b><\/p>\n<p align=\"center\"><b>V\u00e6gt Ca. 5.500 kg.<\/b><\/p>\n<p align=\"center\"><b>Topfart Ca. 90 Km\/t.<\/b><\/p>\n<p align=\"center\"><b>Stigen blev indk\u00f8bt hos<\/b><\/p>\n<p align=\"center\"><b>Magirus i Tyskland<\/b><\/p>\n<p align=\"center\"><b>\u00a0L\u00e6ngde p\u00e5 stigen 22 m.<\/b><\/p>\n<p align=\"center\"><b>Ny pris (1938)<\/b><\/p>\n<p align=\"center\"><b>Ca.28-29.000 kr.<\/b><\/p>\n","protected":false},"excerpt":{"rendered":"<p>&nbsp; Data\u00a0S.1 Truck model 1937 motor V8 Motorens boring er 3,1875&#8243; Slagl\u00e6ngden er 3,75&#8243; Hestekr\u00e6fter 85 HK ved 3.600 omdrejninger V\u00e6gt Ca. 5.500 kg. Topfart Ca. 90 Km\/t. Stigen blev indk\u00f8bt hos Magirus i Tyskland \u00a0L\u00e6ngde p\u00e5 stigen 22 m. Ny pris (1938) Ca.28-29.000 kr.<\/p>\n","protected":false},"author":1,"featured_media":0,"parent":0,"menu_order":0,"comment_status":"closed","ping_status":"closed","template":"","meta":[],"_links":{"self":[{"href":"http:\/\/roskildestigeholdere.dk\/index.php?rest_route=\/wp\/v2\/pages\/145"}],"collection":[{"href":"http:\/\/roskildestigeholdere.dk\/index.php?rest_route=\/wp\/v2\/pages"}],"about":[{"href":"http:\/\/roskildestigeholdere.dk\/index.php?rest_route=\/wp\/v2\/types\/page"}],"author":[{"embeddable":true,"href":"http:\/\/roskildestigeholdere.dk\/index.php?rest_route=\/wp\/v2\/users\/1"}],"replies":[{"embeddable":true,"href":"http:\/\/roskildestigeholdere.dk\/index.php?rest_route=%2Fwp%2Fv2%2Fcomments&post=145"}],"version-history":[{"count":4,"href":"http:\/\/roskildestigeholdere.dk\/index.php?rest_route=\/wp\/v2\/pages\/145\/revisions"}],"predecessor-version":[{"id":197,"href":"http:\/\/roskildestigeholdere.dk\/index.php?rest_route=\/wp\/v2\/pages\/145\/revisions\/197"}],"wp:attachment":[{"href":"http:\/\/roskildestigeholdere.dk\/index.php?rest_route=%2Fwp%2Fv2%2Fmedia&parent=145"}],"curies":[{"name":"wp","href":"https:\/\/api.w.org\/{rel}","templated":true}]}}