{"id":139,"date":"2017-02-02T14:39:55","date_gmt":"2017-02-02T13:39:55","guid":{"rendered":"http:\/\/roskildestigeholdere.dk.w1.ito-hosting.com\/?page_id=139"},"modified":"2025-06-07T19:47:41","modified_gmt":"2025-06-07T17:47:41","slug":"festkoersel","status":"publish","type":"page","link":"http:\/\/roskildestigeholdere.dk\/?page_id=139","title":{"rendered":"Festk\u00f8rsel"},"content":{"rendered":"\n<b>For k\u00f8rsel i Roskilde by 1000 kr<\/b>\n<b>l\u00e6nger v\u00e6k ring for pris<\/b>\n<b>formand Michael Pedersen<\/b>\n<strong>53 64 22 48<\/strong>\n\t\t\t\t<img src=\"http:\/\/roskildestigeholdere.dk.w1.ito-hosting.com\/wp-content\/uploads\/2017\/02\/DSC_0817-2.jpg\" alt=\"DSC_0817\" itemprop=\"image\" title=\"DSC_0817\" onerror=\"this.style.display='none'\">\n\t\t\t\t<img src=\"http:\/\/roskildestigeholdere.dk.w1.ito-hosting.com\/wp-content\/uploads\/2017\/02\/2fest.jpg\" alt=\"2fest\" itemprop=\"image\" title=\"2fest\" onerror=\"this.style.display='none'\">\n","protected":false},"excerpt":{"rendered":"<p>For k\u00f8rsel i Roskilde by 1000 kr l\u00e6nger v\u00e6k ring for pris formand Michael Pedersen 53 64 22 48<\/p>\n","protected":false},"author":1,"featured_media":0,"parent":0,"menu_order":0,"comment_status":"closed","ping_status":"closed","template":"","meta":[],"_links":{"self":[{"href":"http:\/\/roskildestigeholdere.dk\/index.php?rest_route=\/wp\/v2\/pages\/139"}],"collection":[{"href":"http:\/\/roskildestigeholdere.dk\/index.php?rest_route=\/wp\/v2\/pages"}],"about":[{"href":"http:\/\/roskildestigeholdere.dk\/index.php?rest_route=\/wp\/v2\/types\/page"}],"author":[{"embeddable":true,"href":"http:\/\/roskildestigeholdere.dk\/index.php?rest_route=\/wp\/v2\/users\/1"}],"replies":[{"embeddable":true,"href":"http:\/\/roskildestigeholdere.dk\/index.php?rest_route=%2Fwp%2Fv2%2Fcomments&post=139"}],"version-history":[{"count":13,"href":"http:\/\/roskildestigeholdere.dk\/index.php?rest_route=\/wp\/v2\/pages\/139\/revisions"}],"predecessor-version":[{"id":452,"href":"http:\/\/roskildestigeholdere.dk\/index.php?rest_route=\/wp\/v2\/pages\/139\/revisions\/452"}],"wp:attachment":[{"href":"http:\/\/roskildestigeholdere.dk\/index.php?rest_route=%2Fwp%2Fv2%2Fmedia&parent=139"}],"curies":[{"name":"wp","href":"https:\/\/api.w.org\/{rel}","templated":true}]}}